{"id":11,"date":"2025-12-12T14:19:40","date_gmt":"2025-12-12T14:19:40","guid":{"rendered":"https:\/\/papirocr.com\/?page_id=11"},"modified":"2025-12-12T15:30:26","modified_gmt":"2025-12-12T15:30:26","slug":"elementor-11","status":"publish","type":"page","link":"https:\/\/papirocr.com\/index.php\/elementor-11\/","title":{"rendered":"Politica de Devoluciones"},"content":{"rendered":"\t\t<div data-elementor-type=\"wp-page\" data-elementor-id=\"11\" class=\"elementor elementor-11\" data-elementor-post-type=\"page\">\n\t\t\t\t<div class=\"elementor-element elementor-element-1cb10e8 e-flex e-con-boxed e-con e-parent\" data-id=\"1cb10e8\" data-element_type=\"container\" data-e-type=\"container\">\n\t\t\t\t\t<div class=\"e-con-inner\">\n\t\t\t\t<div class=\"elementor-element elementor-element-4f1c765 elementor-widget elementor-widget-heading\" data-id=\"4f1c765\" data-element_type=\"widget\" data-e-type=\"widget\" data-widget_type=\"heading.default\">\n\t\t\t\t\t<h2 class=\"elementor-heading-title elementor-size-default\">Pol\u00edticas de devoluciones y garant\u00eda<\/h2>\t\t\t\t<\/div>\n\t\t\t\t\t<\/div>\n\t\t\t\t<\/div>\n\t\t<div class=\"elementor-element elementor-element-a13c0da e-flex e-con-boxed e-con e-parent\" data-id=\"a13c0da\" data-element_type=\"container\" data-e-type=\"container\">\n\t\t\t\t\t<div class=\"e-con-inner\">\n\t\t\t\t<div class=\"elementor-element elementor-element-a7efafe elementor-widget elementor-widget-text-editor\" data-id=\"a7efafe\" data-element_type=\"widget\" data-e-type=\"widget\" data-widget_type=\"text-editor.default\">\n\t\t\t\t\t\t\t\t\t<p class=\"p2\">Nuestra pol\u00edtica para devoluciones o reclamos, tiene una vigencia de 30 d\u00edas naturales, a partir de entregado el producto, siempre y cuando se cumplan las siguientes condiciones.<\/p><p class=\"p2\">1. Contacte a su asesora de ventas, y solic\u00edtele que le env\u00ede el respectivo formulario para devoluciones o reclamos, el cual deber\u00e1 completar la totalidad de informaci\u00f3n solicitada, y reenviar el documento al correo de su asesora, con copia a <span class=\"s2\">calidad@papirocr.com <\/span><\/p><p class=\"p2\">2. Seg\u00fan el caso y el motivo de la devoluci\u00f3n, el costo del env\u00edo de regreso puede correr por cuenta de la empresa o del cliente. Aplican condiciones.<\/p><p class=\"p2\">Es necesario realizar una explicaci\u00f3n del motivo de su devoluci\u00f3n, SI la devoluci\u00f3n es por motivos de mala manipulaci\u00f3n del cliente y NO por defectos de f\u00e1brica del producto, entonces el costo de env\u00edo correr\u00e1 por cuenta del cliente.<\/p><p class=\"p2\">3. Una vez recibido el material y que se confirme que est\u00e1 completo y en las condiciones en las que se envi\u00f3, se procede al an\u00e1lisis de la devoluci\u00f3n y de ser aplicable, procesar la orden con el producto correcto.<\/p><table class=\"t1\" cellspacing=\"0\" cellpadding=\"0\"><tbody><tr><td class=\"td1\" valign=\"top\"><p class=\"p3\"><b>Al almacenar el producto, tenga en cuenta las siguientes condiciones: <\/b><b><\/b><\/p><ul class=\"ul1\"><li class=\"li4\"><span class=\"s3\">\u2022 <\/span>No almacene el producto en \u00e1reas expuestas a la luz directa del sol \u00f3 en altos niveles de humedad.<\/li><\/ul><\/td><\/tr><tr><td class=\"td1\" valign=\"top\"><ul class=\"ul1\"><li class=\"li4\"><span class=\"s3\">\u2022 <\/span>No guarde producto en una superficie inclinada, siempre debe estar en posici\u00f3n horizontal.<\/li><\/ul><\/td><\/tr><tr><td class=\"td1\" valign=\"top\"><ul class=\"ul1\"><li class=\"li4\"><span class=\"s3\">\u2022 <\/span>Almacene el producto, sobre tarimas, plataformas, estantes o archivadores, nunca sobre el piso.<\/li><\/ul><\/td><\/tr><tr><td class=\"td1\" valign=\"top\"><ul class=\"ul1\"><li class=\"li4\"><span class=\"s3\">\u2022 <\/span>Evite alimentos o bebidas en el lugar donde almacena o manipula el producto.<\/li><\/ul><\/td><\/tr><tr><td class=\"td1\" valign=\"top\"><ul class=\"ul1\"><li class=\"li4\"><span class=\"s3\">\u2022 <\/span>El producto no se puede apilar con productos qu\u00edmicos o art\u00edculos con alto contenido de agua y contenido de aceite.<\/li><\/ul><\/td><\/tr><tr><td class=\"td1\" valign=\"top\"><ul class=\"ul1\"><li class=\"li2\">\u2022 Realizar la rotaci\u00f3n del producto.<\/li><\/ul><\/td><\/tr><tr><td class=\"td1\" valign=\"top\"><ul class=\"ul1\"><li class=\"li4\"><span class=\"s3\">\u2022 <\/span>Contar con un sistema de control de plagas.<\/li><\/ul><\/td><\/tr><\/tbody><\/table>\t\t\t\t\t\t\t\t<\/div>\n\t\t\t\t\t<\/div>\n\t\t\t\t<\/div>\n\t\t\t\t<\/div>\n\t\t","protected":false},"excerpt":{"rendered":"<p>Pol\u00edticas de devoluciones y garant\u00eda Nuestra pol\u00edtica para devoluciones o reclamos, tiene una vigencia de 30 d\u00edas naturales, a partir de entregado el producto, siempre y cuando se cumplan las siguientes condiciones. 1. Contacte a su asesora de ventas, y solic\u00edtele que le env\u00ede el respectivo formulario para devoluciones o reclamos, el cual deber\u00e1 completar [&hellip;]<\/p>\n","protected":false},"author":1,"featured_media":0,"parent":0,"menu_order":0,"comment_status":"closed","ping_status":"closed","template":"","meta":{"saved_in_kubio":false,"footnotes":""},"class_list":["post-11","page","type-page","status-publish","hentry"],"kubio_ai_page_context":{"short_desc":"","purpose":"general"},"_links":{"self":[{"href":"https:\/\/papirocr.com\/index.php\/wp-json\/wp\/v2\/pages\/11","targetHints":{"allow":["GET"]}}],"collection":[{"href":"https:\/\/papirocr.com\/index.php\/wp-json\/wp\/v2\/pages"}],"about":[{"href":"https:\/\/papirocr.com\/index.php\/wp-json\/wp\/v2\/types\/page"}],"author":[{"embeddable":true,"href":"https:\/\/papirocr.com\/index.php\/wp-json\/wp\/v2\/users\/1"}],"replies":[{"embeddable":true,"href":"https:\/\/papirocr.com\/index.php\/wp-json\/wp\/v2\/comments?post=11"}],"version-history":[{"count":11,"href":"https:\/\/papirocr.com\/index.php\/wp-json\/wp\/v2\/pages\/11\/revisions"}],"predecessor-version":[{"id":55,"href":"https:\/\/papirocr.com\/index.php\/wp-json\/wp\/v2\/pages\/11\/revisions\/55"}],"wp:attachment":[{"href":"https:\/\/papirocr.com\/index.php\/wp-json\/wp\/v2\/media?parent=11"}],"curies":[{"name":"wp","href":"https:\/\/api.w.org\/{rel}","templated":true}]}}